{"id":1072,"date":"2021-07-06T12:46:48","date_gmt":"2021-07-06T10:46:48","guid":{"rendered":"https:\/\/sevillaguias.es\/seville-s-fine-arts-museum-tour\/"},"modified":"2025-01-27T17:42:48","modified_gmt":"2025-01-27T16:42:48","slug":"seville-s-fine-arts-museum-tour","status":"publish","type":"page","link":"https:\/\/sevillaguias.es\/en\/seville-s-fine-arts-museum-tour\/","title":{"rendered":"Seville \u00b4s Fine Arts Museum tour"},"content":{"rendered":"\t\t<div data-elementor-type=\"wp-page\" data-elementor-id=\"1072\" class=\"elementor elementor-1072 elementor-1067\" data-elementor-post-type=\"page\">\n\t\t\t\t\t\t<section class=\"elementor-section elementor-top-section elementor-element elementor-element-66baec7 elementor-section-boxed elementor-section-height-default elementor-section-height-default\" data-id=\"66baec7\" data-element_type=\"section\" data-e-type=\"section\">\n\t\t\t\t\t\t<div class=\"elementor-container elementor-column-gap-default\">\n\t\t\t\t\t<div class=\"elementor-column elementor-col-100 elementor-top-column elementor-element elementor-element-b28de7f\" data-id=\"b28de7f\" data-element_type=\"column\" data-e-type=\"column\">\n\t\t\t<div class=\"elementor-widget-wrap elementor-element-populated\">\n\t\t\t\t\t\t\t<\/div>\n\t\t<\/div>\n\t\t\t\t\t<\/div>\n\t\t<\/section>\n\t\t\t\t<section class=\"elementor-section elementor-top-section elementor-element elementor-element-f597bf8 elementor-section-boxed elementor-section-height-default elementor-section-height-default\" data-id=\"f597bf8\" data-element_type=\"section\" data-e-type=\"section\">\n\t\t\t\t\t\t<div class=\"elementor-container elementor-column-gap-default\">\n\t\t\t\t\t<div class=\"elementor-column elementor-col-100 elementor-top-column elementor-element elementor-element-ff14955\" data-id=\"ff14955\" data-element_type=\"column\" data-e-type=\"column\">\n\t\t\t<div class=\"elementor-widget-wrap elementor-element-populated\">\n\t\t\t\t\t\t<div class=\"elementor-element elementor-element-02b2a81 elementor-widget elementor-widget-html\" data-id=\"02b2a81\" data-element_type=\"widget\" data-e-type=\"widget\" data-widget_type=\"html.default\">\n\t\t\t\t<div class=\"elementor-widget-container\">\n\t\t\t\t\t<script type=\"text\/javascript\" src=\"https:\/\/widgets.bokun.io\/assets\/javascripts\/apps\/build\/BokunWidgetsLoader.js?bookingChannelUUID=44e3955b-b01c-481c-8fc7-5746bbe9fad6\" async><\/script>\r\n     \r\n    <div class=\"bokunWidget\" data-src=\"https:\/\/widgets.bokun.io\/online-sales\/44e3955b-b01c-481c-8fc7-5746bbe9fad6\/experience\/638577\"><\/div>\r\n    <noscript>Please enable javascript in your browser to book<\/noscript>\r\n\t\t\t\t<\/div>\n\t\t\t\t<\/div>\n\t\t\t\t\t<\/div>\n\t\t<\/div>\n\t\t\t\t\t<\/div>\n\t\t<\/section>\n\t\t\t\t<\/div>\n\t\t","protected":false},"excerpt":{"rendered":"<p>Please enable javascript in your browser to book<\/p>\n","protected":false},"author":2,"featured_media":0,"parent":0,"menu_order":0,"comment_status":"closed","ping_status":"closed","template":"elementor_header_footer","meta":{"_joinchat":[],"footnotes":""},"class_list":["post-1072","page","type-page","status-publish","hentry"],"yoast_head":"<!-- This site is optimized with the Yoast SEO plugin v27.3 - https:\/\/yoast.com\/product\/yoast-seo-wordpress\/ -->\n<title>Seville \u00b4s Fine Arts Museum tour | Seville Guides &amp; tours<\/title>\n<meta name=\"description\" content=\"Visit with our Seville \u00b4s Fine Arts Museum tour, jewel of the History of Art de city.\" \/>\n<meta name=\"robots\" content=\"index, follow, max-snippet:-1, max-image-preview:large, max-video-preview:-1\" \/>\n<link rel=\"canonical\" href=\"https:\/\/sevillaguias.es\/en\/seville-s-fine-arts-museum-tour\/\" \/>\n<meta property=\"og:locale\" content=\"en_US\" \/>\n<meta property=\"og:type\" content=\"article\" \/>\n<meta property=\"og:title\" content=\"Seville \u00b4s Fine Arts Museum tour | Seville Guides &amp; tours\" \/>\n<meta property=\"og:description\" content=\"Visit with our Seville \u00b4s Fine Arts Museum tour, jewel of the History of Art de city.\" \/>\n<meta property=\"og:url\" content=\"https:\/\/sevillaguias.es\/en\/seville-s-fine-arts-museum-tour\/\" \/>\n<meta property=\"og:site_name\" content=\"Sevilla Gu\u00edas &amp; Tours\" \/>\n<meta property=\"article:publisher\" content=\"https:\/\/www.facebook.com\/sevillaguias\/\" \/>\n<meta property=\"article:modified_time\" content=\"2025-01-27T16:42:48+00:00\" \/>\n<meta property=\"og:image\" content=\"https:\/\/sevillaguias.es\/wp-content\/uploads\/2021\/11\/Museo-Bellas-Artes.jpeg\" \/>\n<meta name=\"twitter:card\" content=\"summary_large_image\" \/>\n<meta name=\"twitter:image\" content=\"https:\/\/sevillaguias.es\/wp-content\/uploads\/2021\/11\/Museo-Bellas-Artes.jpeg\" \/>\n<meta name=\"twitter:site\" content=\"@guiasytours\" \/>\n<script type=\"application\/ld+json\" class=\"yoast-schema-graph\">{\"@context\":\"https:\\\/\\\/schema.org\",\"@graph\":[{\"@type\":\"WebPage\",\"@id\":\"https:\\\/\\\/sevillaguias.es\\\/en\\\/seville-s-fine-arts-museum-tour\\\/\",\"url\":\"https:\\\/\\\/sevillaguias.es\\\/en\\\/seville-s-fine-arts-museum-tour\\\/\",\"name\":\"Seville \u00b4s Fine Arts Museum tour | Seville Guides & tours\",\"isPartOf\":{\"@id\":\"https:\\\/\\\/sevillaguias.es\\\/#website\"},\"datePublished\":\"2021-07-06T10:46:48+00:00\",\"dateModified\":\"2025-01-27T16:42:48+00:00\",\"description\":\"Visit with our Seville \u00b4s Fine Arts Museum tour, jewel of the History of Art de city.\",\"breadcrumb\":{\"@id\":\"https:\\\/\\\/sevillaguias.es\\\/en\\\/seville-s-fine-arts-museum-tour\\\/#breadcrumb\"},\"inLanguage\":\"en-US\",\"potentialAction\":[{\"@type\":\"ReadAction\",\"target\":[\"https:\\\/\\\/sevillaguias.es\\\/en\\\/seville-s-fine-arts-museum-tour\\\/\"]}]},{\"@type\":\"BreadcrumbList\",\"@id\":\"https:\\\/\\\/sevillaguias.es\\\/en\\\/seville-s-fine-arts-museum-tour\\\/#breadcrumb\",\"itemListElement\":[{\"@type\":\"ListItem\",\"position\":1,\"name\":\"Portada\",\"item\":\"https:\\\/\\\/sevillaguias.es\\\/\"},{\"@type\":\"ListItem\",\"position\":2,\"name\":\"Seville \u00b4s Fine Arts Museum tour\"}]},{\"@type\":\"WebSite\",\"@id\":\"https:\\\/\\\/sevillaguias.es\\\/#website\",\"url\":\"https:\\\/\\\/sevillaguias.es\\\/\",\"name\":\"Sevilla Gu\u00edas &amp; Tours\",\"description\":\"Cansado de los t\u00edpicos tours llenos de gente, conf\u00eda en la calidad de Sevilla Gu\u00edas &amp; Tours. Especializados en grupos peque\u00f1os y personalizados.\",\"publisher\":{\"@id\":\"https:\\\/\\\/sevillaguias.es\\\/#organization\"},\"potentialAction\":[{\"@type\":\"SearchAction\",\"target\":{\"@type\":\"EntryPoint\",\"urlTemplate\":\"https:\\\/\\\/sevillaguias.es\\\/?s={search_term_string}\"},\"query-input\":{\"@type\":\"PropertyValueSpecification\",\"valueRequired\":true,\"valueName\":\"search_term_string\"}}],\"inLanguage\":\"en-US\"},{\"@type\":\"Organization\",\"@id\":\"https:\\\/\\\/sevillaguias.es\\\/#organization\",\"name\":\"Sevilla Gu\u00edas & Tours\",\"url\":\"https:\\\/\\\/sevillaguias.es\\\/\",\"logo\":{\"@type\":\"ImageObject\",\"inLanguage\":\"en-US\",\"@id\":\"https:\\\/\\\/sevillaguias.es\\\/#\\\/schema\\\/logo\\\/image\\\/\",\"url\":\"https:\\\/\\\/sevillaguias.es\\\/wp-content\\\/uploads\\\/2020\\\/03\\\/cropped-Logos-AGT-def-03-1.jpg\",\"contentUrl\":\"https:\\\/\\\/sevillaguias.es\\\/wp-content\\\/uploads\\\/2020\\\/03\\\/cropped-Logos-AGT-def-03-1.jpg\",\"width\":512,\"height\":512,\"caption\":\"Sevilla Gu\u00edas & Tours\"},\"image\":{\"@id\":\"https:\\\/\\\/sevillaguias.es\\\/#\\\/schema\\\/logo\\\/image\\\/\"},\"sameAs\":[\"https:\\\/\\\/www.facebook.com\\\/sevillaguias\\\/\",\"https:\\\/\\\/x.com\\\/guiasytours\",\"https:\\\/\\\/www.instagram.com\\\/sevillaguias\\\/\",\"https:\\\/\\\/www.linkedin.com\\\/company\\\/guias-tours\\\/\",\"https:\\\/\\\/www.youtube.com\\\/channel\\\/UCZk3bP991BpbU5hXyqwT7yQ\"]}]}<\/script>\n<!-- \/ Yoast SEO plugin. -->","yoast_head_json":{"title":"Seville \u00b4s Fine Arts Museum tour | Seville Guides & tours","description":"Visit with our Seville \u00b4s Fine Arts Museum tour, jewel of the History of Art de city.","robots":{"index":"index","follow":"follow","max-snippet":"max-snippet:-1","max-image-preview":"max-image-preview:large","max-video-preview":"max-video-preview:-1"},"canonical":"https:\/\/sevillaguias.es\/en\/seville-s-fine-arts-museum-tour\/","og_locale":"en_US","og_type":"article","og_title":"Seville \u00b4s Fine Arts Museum tour | Seville Guides & tours","og_description":"Visit with our Seville \u00b4s Fine Arts Museum tour, jewel of the History of Art de city.","og_url":"https:\/\/sevillaguias.es\/en\/seville-s-fine-arts-museum-tour\/","og_site_name":"Sevilla Gu\u00edas &amp; Tours","article_publisher":"https:\/\/www.facebook.com\/sevillaguias\/","article_modified_time":"2025-01-27T16:42:48+00:00","og_image":[{"url":"https:\/\/sevillaguias.es\/wp-content\/uploads\/2021\/11\/Museo-Bellas-Artes.jpeg","type":"","width":"","height":""}],"twitter_card":"summary_large_image","twitter_image":"https:\/\/sevillaguias.es\/wp-content\/uploads\/2021\/11\/Museo-Bellas-Artes.jpeg","twitter_site":"@guiasytours","schema":{"@context":"https:\/\/schema.org","@graph":[{"@type":"WebPage","@id":"https:\/\/sevillaguias.es\/en\/seville-s-fine-arts-museum-tour\/","url":"https:\/\/sevillaguias.es\/en\/seville-s-fine-arts-museum-tour\/","name":"Seville \u00b4s Fine Arts Museum tour | Seville Guides & tours","isPartOf":{"@id":"https:\/\/sevillaguias.es\/#website"},"datePublished":"2021-07-06T10:46:48+00:00","dateModified":"2025-01-27T16:42:48+00:00","description":"Visit with our Seville \u00b4s Fine Arts Museum tour, jewel of the History of Art de city.","breadcrumb":{"@id":"https:\/\/sevillaguias.es\/en\/seville-s-fine-arts-museum-tour\/#breadcrumb"},"inLanguage":"en-US","potentialAction":[{"@type":"ReadAction","target":["https:\/\/sevillaguias.es\/en\/seville-s-fine-arts-museum-tour\/"]}]},{"@type":"BreadcrumbList","@id":"https:\/\/sevillaguias.es\/en\/seville-s-fine-arts-museum-tour\/#breadcrumb","itemListElement":[{"@type":"ListItem","position":1,"name":"Portada","item":"https:\/\/sevillaguias.es\/"},{"@type":"ListItem","position":2,"name":"Seville \u00b4s Fine Arts Museum tour"}]},{"@type":"WebSite","@id":"https:\/\/sevillaguias.es\/#website","url":"https:\/\/sevillaguias.es\/","name":"Sevilla Gu\u00edas &amp; Tours","description":"Cansado de los t\u00edpicos tours llenos de gente, conf\u00eda en la calidad de Sevilla Gu\u00edas &amp; Tours. Especializados en grupos peque\u00f1os y personalizados.","publisher":{"@id":"https:\/\/sevillaguias.es\/#organization"},"potentialAction":[{"@type":"SearchAction","target":{"@type":"EntryPoint","urlTemplate":"https:\/\/sevillaguias.es\/?s={search_term_string}"},"query-input":{"@type":"PropertyValueSpecification","valueRequired":true,"valueName":"search_term_string"}}],"inLanguage":"en-US"},{"@type":"Organization","@id":"https:\/\/sevillaguias.es\/#organization","name":"Sevilla Gu\u00edas & Tours","url":"https:\/\/sevillaguias.es\/","logo":{"@type":"ImageObject","inLanguage":"en-US","@id":"https:\/\/sevillaguias.es\/#\/schema\/logo\/image\/","url":"https:\/\/sevillaguias.es\/wp-content\/uploads\/2020\/03\/cropped-Logos-AGT-def-03-1.jpg","contentUrl":"https:\/\/sevillaguias.es\/wp-content\/uploads\/2020\/03\/cropped-Logos-AGT-def-03-1.jpg","width":512,"height":512,"caption":"Sevilla Gu\u00edas & Tours"},"image":{"@id":"https:\/\/sevillaguias.es\/#\/schema\/logo\/image\/"},"sameAs":["https:\/\/www.facebook.com\/sevillaguias\/","https:\/\/x.com\/guiasytours","https:\/\/www.instagram.com\/sevillaguias\/","https:\/\/www.linkedin.com\/company\/guias-tours\/","https:\/\/www.youtube.com\/channel\/UCZk3bP991BpbU5hXyqwT7yQ"]}]}},"_links":{"self":[{"href":"https:\/\/sevillaguias.es\/en\/wp-json\/wp\/v2\/pages\/1072","targetHints":{"allow":["GET"]}}],"collection":[{"href":"https:\/\/sevillaguias.es\/en\/wp-json\/wp\/v2\/pages"}],"about":[{"href":"https:\/\/sevillaguias.es\/en\/wp-json\/wp\/v2\/types\/page"}],"author":[{"embeddable":true,"href":"https:\/\/sevillaguias.es\/en\/wp-json\/wp\/v2\/users\/2"}],"replies":[{"embeddable":true,"href":"https:\/\/sevillaguias.es\/en\/wp-json\/wp\/v2\/comments?post=1072"}],"version-history":[{"count":0,"href":"https:\/\/sevillaguias.es\/en\/wp-json\/wp\/v2\/pages\/1072\/revisions"}],"wp:attachment":[{"href":"https:\/\/sevillaguias.es\/en\/wp-json\/wp\/v2\/media?parent=1072"}],"curies":[{"name":"wp","href":"https:\/\/api.w.org\/{rel}","templated":true}]}}