{"id":2461,"date":"2024-12-23T18:22:09","date_gmt":"2024-12-23T17:22:09","guid":{"rendered":"https:\/\/sevillaguias.es\/?page_id=2461"},"modified":"2025-01-27T17:41:58","modified_gmt":"2025-01-27T16:41:58","slug":"alcazar-cathedral-and-giralda-skip-the-line-private-tour","status":"publish","type":"page","link":"https:\/\/sevillaguias.es\/en\/alcazar-cathedral-and-giralda-skip-the-line-private-tour\/","title":{"rendered":"Alcazar, Cathedral and Giralda Skip the line Private Tour"},"content":{"rendered":"\t\t<div data-elementor-type=\"wp-page\" data-elementor-id=\"2461\" class=\"elementor elementor-2461 elementor-2453\" data-elementor-post-type=\"page\">\n\t\t\t\t\t\t<section class=\"elementor-section elementor-top-section elementor-element elementor-element-1e2adf9 elementor-section-boxed elementor-section-height-default elementor-section-height-default\" data-id=\"1e2adf9\" data-element_type=\"section\" data-e-type=\"section\">\n\t\t\t\t\t\t<div class=\"elementor-container elementor-column-gap-default\">\n\t\t\t\t\t<div class=\"elementor-column elementor-col-100 elementor-top-column elementor-element elementor-element-e483b52\" data-id=\"e483b52\" data-element_type=\"column\" data-e-type=\"column\">\n\t\t\t<div class=\"elementor-widget-wrap elementor-element-populated\">\n\t\t\t\t\t\t\t<\/div>\n\t\t<\/div>\n\t\t\t\t\t<\/div>\n\t\t<\/section>\n\t\t\t\t<section class=\"elementor-section elementor-top-section elementor-element elementor-element-5765e19 elementor-section-boxed elementor-section-height-default elementor-section-height-default\" data-id=\"5765e19\" data-element_type=\"section\" data-e-type=\"section\">\n\t\t\t\t\t\t<div class=\"elementor-container elementor-column-gap-default\">\n\t\t\t\t\t<div class=\"elementor-column elementor-col-100 elementor-top-column elementor-element elementor-element-9d57b02\" data-id=\"9d57b02\" data-element_type=\"column\" data-e-type=\"column\">\n\t\t\t<div class=\"elementor-widget-wrap elementor-element-populated\">\n\t\t\t\t\t\t<div class=\"elementor-element elementor-element-73b3997 elementor-widget elementor-widget-html\" data-id=\"73b3997\" data-element_type=\"widget\" data-e-type=\"widget\" data-widget_type=\"html.default\">\n\t\t\t\t<div class=\"elementor-widget-container\">\n\t\t\t\t\t<script type=\"text\/javascript\" src=\"https:\/\/widgets.bokun.io\/assets\/javascripts\/apps\/build\/BokunWidgetsLoader.js?bookingChannelUUID=44e3955b-b01c-481c-8fc7-5746bbe9fad6\" async><\/script>\r\n     \r\n    <div class=\"bokunWidget\" data-src=\"https:\/\/widgets.bokun.io\/online-sales\/44e3955b-b01c-481c-8fc7-5746bbe9fad6\/experience\/746109\"><\/div>\r\n    <noscript>Please enable javascript in your browser to book<\/noscript>\r\n\t\t\t\t<\/div>\n\t\t\t\t<\/div>\n\t\t\t\t\t<\/div>\n\t\t<\/div>\n\t\t\t\t\t<\/div>\n\t\t<\/section>\n\t\t\t\t<\/div>\n\t\t","protected":false},"excerpt":{"rendered":"<p>Please enable javascript in your browser to book<\/p>\n","protected":false},"author":2,"featured_media":2204,"parent":0,"menu_order":0,"comment_status":"closed","ping_status":"closed","template":"","meta":{"_joinchat":[],"footnotes":""},"class_list":["post-2461","page","type-page","status-publish","has-post-thumbnail","hentry"],"yoast_head":"<!-- This site is optimized with the Yoast SEO plugin v27.3 - https:\/\/yoast.com\/product\/yoast-seo-wordpress\/ -->\n<title>Alcazar, Cathedral and Giralda Private Tour | Seville Guides &amp; Tours<\/title>\n<meta name=\"description\" content=\"The Alcazar, Cathedral and Giralda Private Tour skip the line, is a unique way to discover the wonders of Seville.\" \/>\n<meta name=\"robots\" content=\"index, follow, max-snippet:-1, max-image-preview:large, max-video-preview:-1\" \/>\n<link rel=\"canonical\" href=\"https:\/\/sevillaguias.es\/en\/alcazar-cathedral-and-giralda-skip-the-line-private-tour\/\" \/>\n<meta property=\"og:locale\" content=\"en_US\" \/>\n<meta property=\"og:type\" content=\"article\" \/>\n<meta property=\"og:title\" content=\"Alcazar, Cathedral and Giralda Private Tour | Seville Guides &amp; Tours\" \/>\n<meta property=\"og:description\" content=\"The Alcazar, Cathedral and Giralda Private Tour skip the line, is a unique way to discover the wonders of Seville.\" \/>\n<meta property=\"og:url\" content=\"https:\/\/sevillaguias.es\/en\/alcazar-cathedral-and-giralda-skip-the-line-private-tour\/\" \/>\n<meta property=\"og:site_name\" content=\"Sevilla Gu\u00edas &amp; Tours\" \/>\n<meta property=\"article:publisher\" content=\"https:\/\/www.facebook.com\/sevillaguias\/\" \/>\n<meta property=\"article:modified_time\" content=\"2025-01-27T16:41:58+00:00\" \/>\n<meta property=\"og:image\" content=\"https:\/\/sevillaguias.es\/wp-content\/uploads\/2024\/05\/Giralda-de-Sevilla.jpg\" \/>\n<meta name=\"twitter:card\" content=\"summary_large_image\" \/>\n<meta name=\"twitter:image\" content=\"https:\/\/sevillaguias.es\/wp-content\/uploads\/2024\/05\/Giralda-de-Sevilla.jpg\" \/>\n<meta name=\"twitter:site\" content=\"@guiasytours\" \/>\n<script type=\"application\/ld+json\" class=\"yoast-schema-graph\">{\"@context\":\"https:\\\/\\\/schema.org\",\"@graph\":[{\"@type\":\"WebPage\",\"@id\":\"https:\\\/\\\/sevillaguias.es\\\/en\\\/alcazar-cathedral-and-giralda-skip-the-line-private-tour\\\/\",\"url\":\"https:\\\/\\\/sevillaguias.es\\\/en\\\/alcazar-cathedral-and-giralda-skip-the-line-private-tour\\\/\",\"name\":\"Alcazar, Cathedral and Giralda Private Tour | Seville Guides & Tours\",\"isPartOf\":{\"@id\":\"https:\\\/\\\/sevillaguias.es\\\/#website\"},\"primaryImageOfPage\":{\"@id\":\"https:\\\/\\\/sevillaguias.es\\\/en\\\/alcazar-cathedral-and-giralda-skip-the-line-private-tour\\\/#primaryimage\"},\"image\":{\"@id\":\"https:\\\/\\\/sevillaguias.es\\\/en\\\/alcazar-cathedral-and-giralda-skip-the-line-private-tour\\\/#primaryimage\"},\"thumbnailUrl\":\"https:\\\/\\\/sevillaguias.es\\\/wp-content\\\/uploads\\\/2024\\\/04\\\/Jardines-del-Alcazar-de-Sevilla-panoramica.jpeg\",\"datePublished\":\"2024-12-23T17:22:09+00:00\",\"dateModified\":\"2025-01-27T16:41:58+00:00\",\"description\":\"The Alcazar, Cathedral and Giralda Private Tour skip the line, is a unique way to discover the wonders of Seville.\",\"breadcrumb\":{\"@id\":\"https:\\\/\\\/sevillaguias.es\\\/en\\\/alcazar-cathedral-and-giralda-skip-the-line-private-tour\\\/#breadcrumb\"},\"inLanguage\":\"en-US\",\"potentialAction\":[{\"@type\":\"ReadAction\",\"target\":[\"https:\\\/\\\/sevillaguias.es\\\/en\\\/alcazar-cathedral-and-giralda-skip-the-line-private-tour\\\/\"]}]},{\"@type\":\"ImageObject\",\"inLanguage\":\"en-US\",\"@id\":\"https:\\\/\\\/sevillaguias.es\\\/en\\\/alcazar-cathedral-and-giralda-skip-the-line-private-tour\\\/#primaryimage\",\"url\":\"https:\\\/\\\/sevillaguias.es\\\/wp-content\\\/uploads\\\/2024\\\/04\\\/Jardines-del-Alcazar-de-Sevilla-panoramica.jpeg\",\"contentUrl\":\"https:\\\/\\\/sevillaguias.es\\\/wp-content\\\/uploads\\\/2024\\\/04\\\/Jardines-del-Alcazar-de-Sevilla-panoramica.jpeg\",\"width\":744,\"height\":419,\"caption\":\"Panor\u00e1mica de los Jardines del Alc\u00e1zar de Sevilla\"},{\"@type\":\"BreadcrumbList\",\"@id\":\"https:\\\/\\\/sevillaguias.es\\\/en\\\/alcazar-cathedral-and-giralda-skip-the-line-private-tour\\\/#breadcrumb\",\"itemListElement\":[{\"@type\":\"ListItem\",\"position\":1,\"name\":\"Portada\",\"item\":\"https:\\\/\\\/sevillaguias.es\\\/\"},{\"@type\":\"ListItem\",\"position\":2,\"name\":\"Alcazar, Cathedral and Giralda Skip the line Private Tour\"}]},{\"@type\":\"WebSite\",\"@id\":\"https:\\\/\\\/sevillaguias.es\\\/#website\",\"url\":\"https:\\\/\\\/sevillaguias.es\\\/\",\"name\":\"Sevilla Gu\u00edas &amp; Tours\",\"description\":\"Cansado de los t\u00edpicos tours llenos de gente, conf\u00eda en la calidad de Sevilla Gu\u00edas &amp; Tours. Especializados en grupos peque\u00f1os y personalizados.\",\"publisher\":{\"@id\":\"https:\\\/\\\/sevillaguias.es\\\/#organization\"},\"potentialAction\":[{\"@type\":\"SearchAction\",\"target\":{\"@type\":\"EntryPoint\",\"urlTemplate\":\"https:\\\/\\\/sevillaguias.es\\\/?s={search_term_string}\"},\"query-input\":{\"@type\":\"PropertyValueSpecification\",\"valueRequired\":true,\"valueName\":\"search_term_string\"}}],\"inLanguage\":\"en-US\"},{\"@type\":\"Organization\",\"@id\":\"https:\\\/\\\/sevillaguias.es\\\/#organization\",\"name\":\"Sevilla Gu\u00edas & Tours\",\"url\":\"https:\\\/\\\/sevillaguias.es\\\/\",\"logo\":{\"@type\":\"ImageObject\",\"inLanguage\":\"en-US\",\"@id\":\"https:\\\/\\\/sevillaguias.es\\\/#\\\/schema\\\/logo\\\/image\\\/\",\"url\":\"https:\\\/\\\/sevillaguias.es\\\/wp-content\\\/uploads\\\/2020\\\/03\\\/cropped-Logos-AGT-def-03-1.jpg\",\"contentUrl\":\"https:\\\/\\\/sevillaguias.es\\\/wp-content\\\/uploads\\\/2020\\\/03\\\/cropped-Logos-AGT-def-03-1.jpg\",\"width\":512,\"height\":512,\"caption\":\"Sevilla Gu\u00edas & Tours\"},\"image\":{\"@id\":\"https:\\\/\\\/sevillaguias.es\\\/#\\\/schema\\\/logo\\\/image\\\/\"},\"sameAs\":[\"https:\\\/\\\/www.facebook.com\\\/sevillaguias\\\/\",\"https:\\\/\\\/x.com\\\/guiasytours\",\"https:\\\/\\\/www.instagram.com\\\/sevillaguias\\\/\",\"https:\\\/\\\/www.linkedin.com\\\/company\\\/guias-tours\\\/\",\"https:\\\/\\\/www.youtube.com\\\/channel\\\/UCZk3bP991BpbU5hXyqwT7yQ\"]}]}<\/script>\n<!-- \/ Yoast SEO plugin. -->","yoast_head_json":{"title":"Alcazar, Cathedral and Giralda Private Tour | Seville Guides & Tours","description":"The Alcazar, Cathedral and Giralda Private Tour skip the line, is a unique way to discover the wonders of Seville.","robots":{"index":"index","follow":"follow","max-snippet":"max-snippet:-1","max-image-preview":"max-image-preview:large","max-video-preview":"max-video-preview:-1"},"canonical":"https:\/\/sevillaguias.es\/en\/alcazar-cathedral-and-giralda-skip-the-line-private-tour\/","og_locale":"en_US","og_type":"article","og_title":"Alcazar, Cathedral and Giralda Private Tour | Seville Guides & Tours","og_description":"The Alcazar, Cathedral and Giralda Private Tour skip the line, is a unique way to discover the wonders of Seville.","og_url":"https:\/\/sevillaguias.es\/en\/alcazar-cathedral-and-giralda-skip-the-line-private-tour\/","og_site_name":"Sevilla Gu\u00edas &amp; Tours","article_publisher":"https:\/\/www.facebook.com\/sevillaguias\/","article_modified_time":"2025-01-27T16:41:58+00:00","og_image":[{"url":"https:\/\/sevillaguias.es\/wp-content\/uploads\/2024\/05\/Giralda-de-Sevilla.jpg","type":"","width":"","height":""}],"twitter_card":"summary_large_image","twitter_image":"https:\/\/sevillaguias.es\/wp-content\/uploads\/2024\/05\/Giralda-de-Sevilla.jpg","twitter_site":"@guiasytours","schema":{"@context":"https:\/\/schema.org","@graph":[{"@type":"WebPage","@id":"https:\/\/sevillaguias.es\/en\/alcazar-cathedral-and-giralda-skip-the-line-private-tour\/","url":"https:\/\/sevillaguias.es\/en\/alcazar-cathedral-and-giralda-skip-the-line-private-tour\/","name":"Alcazar, Cathedral and Giralda Private Tour | Seville Guides & Tours","isPartOf":{"@id":"https:\/\/sevillaguias.es\/#website"},"primaryImageOfPage":{"@id":"https:\/\/sevillaguias.es\/en\/alcazar-cathedral-and-giralda-skip-the-line-private-tour\/#primaryimage"},"image":{"@id":"https:\/\/sevillaguias.es\/en\/alcazar-cathedral-and-giralda-skip-the-line-private-tour\/#primaryimage"},"thumbnailUrl":"https:\/\/sevillaguias.es\/wp-content\/uploads\/2024\/04\/Jardines-del-Alcazar-de-Sevilla-panoramica.jpeg","datePublished":"2024-12-23T17:22:09+00:00","dateModified":"2025-01-27T16:41:58+00:00","description":"The Alcazar, Cathedral and Giralda Private Tour skip the line, is a unique way to discover the wonders of Seville.","breadcrumb":{"@id":"https:\/\/sevillaguias.es\/en\/alcazar-cathedral-and-giralda-skip-the-line-private-tour\/#breadcrumb"},"inLanguage":"en-US","potentialAction":[{"@type":"ReadAction","target":["https:\/\/sevillaguias.es\/en\/alcazar-cathedral-and-giralda-skip-the-line-private-tour\/"]}]},{"@type":"ImageObject","inLanguage":"en-US","@id":"https:\/\/sevillaguias.es\/en\/alcazar-cathedral-and-giralda-skip-the-line-private-tour\/#primaryimage","url":"https:\/\/sevillaguias.es\/wp-content\/uploads\/2024\/04\/Jardines-del-Alcazar-de-Sevilla-panoramica.jpeg","contentUrl":"https:\/\/sevillaguias.es\/wp-content\/uploads\/2024\/04\/Jardines-del-Alcazar-de-Sevilla-panoramica.jpeg","width":744,"height":419,"caption":"Panor\u00e1mica de los Jardines del Alc\u00e1zar de Sevilla"},{"@type":"BreadcrumbList","@id":"https:\/\/sevillaguias.es\/en\/alcazar-cathedral-and-giralda-skip-the-line-private-tour\/#breadcrumb","itemListElement":[{"@type":"ListItem","position":1,"name":"Portada","item":"https:\/\/sevillaguias.es\/"},{"@type":"ListItem","position":2,"name":"Alcazar, Cathedral and Giralda Skip the line Private Tour"}]},{"@type":"WebSite","@id":"https:\/\/sevillaguias.es\/#website","url":"https:\/\/sevillaguias.es\/","name":"Sevilla Gu\u00edas &amp; Tours","description":"Cansado de los t\u00edpicos tours llenos de gente, conf\u00eda en la calidad de Sevilla Gu\u00edas &amp; Tours. Especializados en grupos peque\u00f1os y personalizados.","publisher":{"@id":"https:\/\/sevillaguias.es\/#organization"},"potentialAction":[{"@type":"SearchAction","target":{"@type":"EntryPoint","urlTemplate":"https:\/\/sevillaguias.es\/?s={search_term_string}"},"query-input":{"@type":"PropertyValueSpecification","valueRequired":true,"valueName":"search_term_string"}}],"inLanguage":"en-US"},{"@type":"Organization","@id":"https:\/\/sevillaguias.es\/#organization","name":"Sevilla Gu\u00edas & Tours","url":"https:\/\/sevillaguias.es\/","logo":{"@type":"ImageObject","inLanguage":"en-US","@id":"https:\/\/sevillaguias.es\/#\/schema\/logo\/image\/","url":"https:\/\/sevillaguias.es\/wp-content\/uploads\/2020\/03\/cropped-Logos-AGT-def-03-1.jpg","contentUrl":"https:\/\/sevillaguias.es\/wp-content\/uploads\/2020\/03\/cropped-Logos-AGT-def-03-1.jpg","width":512,"height":512,"caption":"Sevilla Gu\u00edas & Tours"},"image":{"@id":"https:\/\/sevillaguias.es\/#\/schema\/logo\/image\/"},"sameAs":["https:\/\/www.facebook.com\/sevillaguias\/","https:\/\/x.com\/guiasytours","https:\/\/www.instagram.com\/sevillaguias\/","https:\/\/www.linkedin.com\/company\/guias-tours\/","https:\/\/www.youtube.com\/channel\/UCZk3bP991BpbU5hXyqwT7yQ"]}]}},"_links":{"self":[{"href":"https:\/\/sevillaguias.es\/en\/wp-json\/wp\/v2\/pages\/2461","targetHints":{"allow":["GET"]}}],"collection":[{"href":"https:\/\/sevillaguias.es\/en\/wp-json\/wp\/v2\/pages"}],"about":[{"href":"https:\/\/sevillaguias.es\/en\/wp-json\/wp\/v2\/types\/page"}],"author":[{"embeddable":true,"href":"https:\/\/sevillaguias.es\/en\/wp-json\/wp\/v2\/users\/2"}],"replies":[{"embeddable":true,"href":"https:\/\/sevillaguias.es\/en\/wp-json\/wp\/v2\/comments?post=2461"}],"version-history":[{"count":0,"href":"https:\/\/sevillaguias.es\/en\/wp-json\/wp\/v2\/pages\/2461\/revisions"}],"wp:featuredmedia":[{"embeddable":true,"href":"https:\/\/sevillaguias.es\/en\/wp-json\/wp\/v2\/media\/2204"}],"wp:attachment":[{"href":"https:\/\/sevillaguias.es\/en\/wp-json\/wp\/v2\/media?parent=2461"}],"curies":[{"name":"wp","href":"https:\/\/api.w.org\/{rel}","templated":true}]}}