{"id":2737,"date":"2025-12-16T19:38:31","date_gmt":"2025-12-16T18:38:31","guid":{"rendered":"https:\/\/sevillaguias.es\/unique-gastronomic-tour-of-seville\/"},"modified":"2025-12-16T19:46:36","modified_gmt":"2025-12-16T18:46:36","slug":"unique-gastronomic-tour-of-seville","status":"publish","type":"page","link":"https:\/\/sevillaguias.es\/en\/unique-gastronomic-tour-of-seville\/","title":{"rendered":"Unique gastronomic tour of Seville"},"content":{"rendered":"\t\t<div data-elementor-type=\"wp-page\" data-elementor-id=\"2737\" class=\"elementor elementor-2737 elementor-2732\" data-elementor-post-type=\"page\">\n\t\t\t\t<div class=\"elementor-element elementor-element-9197ac7 e-flex e-con-boxed e-con e-parent\" data-id=\"9197ac7\" data-element_type=\"container\" data-e-type=\"container\">\n\t\t\t\t\t<div class=\"e-con-inner\">\n\t\t\t\t\t<\/div>\n\t\t\t\t<\/div>\n\t\t<div class=\"elementor-element elementor-element-8e6ec50 e-flex e-con-boxed e-con e-parent\" data-id=\"8e6ec50\" data-element_type=\"container\" data-e-type=\"container\">\n\t\t\t\t\t<div class=\"e-con-inner\">\n\t\t\t\t<div class=\"elementor-element elementor-element-50b4ad1 elementor-widget elementor-widget-html\" data-id=\"50b4ad1\" data-element_type=\"widget\" data-e-type=\"widget\" data-widget_type=\"html.default\">\n\t\t\t\t<div class=\"elementor-widget-container\">\n\t\t\t\t\t<script type=\"text\/javascript\" src=\"https:\/\/widgets.bokun.io\/assets\/javascripts\/apps\/build\/BokunWidgetsLoader.js?bookingChannelUUID=44e3955b-b01c-481c-8fc7-5746bbe9fad6\" async><\/script>\r\n     \r\n    <div class=\"bokunWidget\" data-src=\"https:\/\/widgets.bokun.io\/online-sales\/44e3955b-b01c-481c-8fc7-5746bbe9fad6\/experience\/1104439\"><\/div>\r\n    <noscript>Please enable javascript in your browser to book<\/noscript>\t\t\t\t<\/div>\n\t\t\t\t<\/div>\n\t\t\t\t\t<\/div>\n\t\t\t\t<\/div>\n\t\t\t\t<\/div>\n\t\t","protected":false},"excerpt":{"rendered":"<p>Please enable javascript in your browser to book<\/p>\n","protected":false},"author":2,"featured_media":0,"parent":0,"menu_order":0,"comment_status":"closed","ping_status":"closed","template":"","meta":{"_joinchat":[],"footnotes":""},"class_list":["post-2737","page","type-page","status-publish","hentry"],"yoast_head":"<!-- This site is optimized with the Yoast SEO plugin v27.3 - https:\/\/yoast.com\/product\/yoast-seo-wordpress\/ -->\n<title>Unique gastronomic tour of Seville - Sevilla Gu\u00edas &amp; Tours<\/title>\n<meta name=\"robots\" content=\"index, follow, max-snippet:-1, max-image-preview:large, max-video-preview:-1\" \/>\n<link rel=\"canonical\" href=\"https:\/\/sevillaguias.es\/tour-de-tapas-unico-en-sevilla\/\" \/>\n<meta property=\"og:locale\" content=\"en_US\" \/>\n<meta property=\"og:type\" content=\"article\" \/>\n<meta property=\"og:title\" content=\"Unique gastronomic tour of Seville - Sevilla Gu\u00edas &amp; Tours\" \/>\n<meta property=\"og:description\" content=\"Please enable javascript in your browser to book\" \/>\n<meta property=\"og:url\" content=\"https:\/\/sevillaguias.es\/tour-de-tapas-unico-en-sevilla\/\" \/>\n<meta property=\"og:site_name\" content=\"Sevilla Gu\u00edas &amp; Tours\" \/>\n<meta property=\"article:publisher\" content=\"https:\/\/www.facebook.com\/sevillaguias\/\" \/>\n<meta property=\"article:modified_time\" content=\"2025-12-16T18:46:36+00:00\" \/>\n<meta property=\"og:image\" content=\"https:\/\/sevillaguias.es\/wp-content\/uploads\/2025\/12\/Guia-en-Sevilla-G\u00acT-e1766163963344.webp\" \/>\n\t<meta property=\"og:image:width\" content=\"700\" \/>\n\t<meta property=\"og:image:height\" content=\"478\" \/>\n\t<meta property=\"og:image:type\" content=\"image\/webp\" \/>\n<meta name=\"twitter:card\" content=\"summary_large_image\" \/>\n<meta name=\"twitter:site\" content=\"@guiasytours\" \/>\n<script type=\"application\/ld+json\" class=\"yoast-schema-graph\">{\"@context\":\"https:\\\/\\\/schema.org\",\"@graph\":[{\"@type\":\"WebPage\",\"@id\":\"https:\\\/\\\/sevillaguias.es\\\/tour-de-tapas-unico-en-sevilla\\\/\",\"url\":\"https:\\\/\\\/sevillaguias.es\\\/tour-de-tapas-unico-en-sevilla\\\/\",\"name\":\"Unique gastronomic tour of Seville - Sevilla Gu\u00edas &amp; Tours\",\"isPartOf\":{\"@id\":\"https:\\\/\\\/sevillaguias.es\\\/#website\"},\"datePublished\":\"2025-12-16T18:38:31+00:00\",\"dateModified\":\"2025-12-16T18:46:36+00:00\",\"breadcrumb\":{\"@id\":\"https:\\\/\\\/sevillaguias.es\\\/tour-de-tapas-unico-en-sevilla\\\/#breadcrumb\"},\"inLanguage\":\"en-US\",\"potentialAction\":[{\"@type\":\"ReadAction\",\"target\":[\"https:\\\/\\\/sevillaguias.es\\\/tour-de-tapas-unico-en-sevilla\\\/\"]}]},{\"@type\":\"BreadcrumbList\",\"@id\":\"https:\\\/\\\/sevillaguias.es\\\/tour-de-tapas-unico-en-sevilla\\\/#breadcrumb\",\"itemListElement\":[{\"@type\":\"ListItem\",\"position\":1,\"name\":\"Portada\",\"item\":\"https:\\\/\\\/sevillaguias.es\\\/\"},{\"@type\":\"ListItem\",\"position\":2,\"name\":\"Unique gastronomic tour of Seville\"}]},{\"@type\":\"WebSite\",\"@id\":\"https:\\\/\\\/sevillaguias.es\\\/#website\",\"url\":\"https:\\\/\\\/sevillaguias.es\\\/\",\"name\":\"Sevilla Gu\u00edas &amp; Tours\",\"description\":\"Cansado de los t\u00edpicos tours llenos de gente, conf\u00eda en la calidad de Sevilla Gu\u00edas &amp; Tours. Especializados en grupos peque\u00f1os y personalizados.\",\"publisher\":{\"@id\":\"https:\\\/\\\/sevillaguias.es\\\/#organization\"},\"potentialAction\":[{\"@type\":\"SearchAction\",\"target\":{\"@type\":\"EntryPoint\",\"urlTemplate\":\"https:\\\/\\\/sevillaguias.es\\\/?s={search_term_string}\"},\"query-input\":{\"@type\":\"PropertyValueSpecification\",\"valueRequired\":true,\"valueName\":\"search_term_string\"}}],\"inLanguage\":\"en-US\"},{\"@type\":\"Organization\",\"@id\":\"https:\\\/\\\/sevillaguias.es\\\/#organization\",\"name\":\"Sevilla Gu\u00edas & Tours\",\"url\":\"https:\\\/\\\/sevillaguias.es\\\/\",\"logo\":{\"@type\":\"ImageObject\",\"inLanguage\":\"en-US\",\"@id\":\"https:\\\/\\\/sevillaguias.es\\\/#\\\/schema\\\/logo\\\/image\\\/\",\"url\":\"https:\\\/\\\/sevillaguias.es\\\/wp-content\\\/uploads\\\/2020\\\/03\\\/cropped-Logos-AGT-def-03-1.jpg\",\"contentUrl\":\"https:\\\/\\\/sevillaguias.es\\\/wp-content\\\/uploads\\\/2020\\\/03\\\/cropped-Logos-AGT-def-03-1.jpg\",\"width\":512,\"height\":512,\"caption\":\"Sevilla Gu\u00edas & Tours\"},\"image\":{\"@id\":\"https:\\\/\\\/sevillaguias.es\\\/#\\\/schema\\\/logo\\\/image\\\/\"},\"sameAs\":[\"https:\\\/\\\/www.facebook.com\\\/sevillaguias\\\/\",\"https:\\\/\\\/x.com\\\/guiasytours\",\"https:\\\/\\\/www.instagram.com\\\/sevillaguias\\\/\",\"https:\\\/\\\/www.linkedin.com\\\/company\\\/guias-tours\\\/\",\"https:\\\/\\\/www.youtube.com\\\/channel\\\/UCZk3bP991BpbU5hXyqwT7yQ\"]}]}<\/script>\n<!-- \/ Yoast SEO plugin. -->","yoast_head_json":{"title":"Unique gastronomic tour of Seville - Sevilla Gu\u00edas &amp; Tours","robots":{"index":"index","follow":"follow","max-snippet":"max-snippet:-1","max-image-preview":"max-image-preview:large","max-video-preview":"max-video-preview:-1"},"canonical":"https:\/\/sevillaguias.es\/tour-de-tapas-unico-en-sevilla\/","og_locale":"en_US","og_type":"article","og_title":"Unique gastronomic tour of Seville - Sevilla Gu\u00edas &amp; Tours","og_description":"Please enable javascript in your browser to book","og_url":"https:\/\/sevillaguias.es\/tour-de-tapas-unico-en-sevilla\/","og_site_name":"Sevilla Gu\u00edas &amp; Tours","article_publisher":"https:\/\/www.facebook.com\/sevillaguias\/","article_modified_time":"2025-12-16T18:46:36+00:00","og_image":[{"width":700,"height":478,"url":"https:\/\/sevillaguias.es\/wp-content\/uploads\/2025\/12\/Guia-en-Sevilla-G\u00acT-e1766163963344.webp","type":"image\/webp"}],"twitter_card":"summary_large_image","twitter_site":"@guiasytours","schema":{"@context":"https:\/\/schema.org","@graph":[{"@type":"WebPage","@id":"https:\/\/sevillaguias.es\/tour-de-tapas-unico-en-sevilla\/","url":"https:\/\/sevillaguias.es\/tour-de-tapas-unico-en-sevilla\/","name":"Unique gastronomic tour of Seville - Sevilla Gu\u00edas &amp; Tours","isPartOf":{"@id":"https:\/\/sevillaguias.es\/#website"},"datePublished":"2025-12-16T18:38:31+00:00","dateModified":"2025-12-16T18:46:36+00:00","breadcrumb":{"@id":"https:\/\/sevillaguias.es\/tour-de-tapas-unico-en-sevilla\/#breadcrumb"},"inLanguage":"en-US","potentialAction":[{"@type":"ReadAction","target":["https:\/\/sevillaguias.es\/tour-de-tapas-unico-en-sevilla\/"]}]},{"@type":"BreadcrumbList","@id":"https:\/\/sevillaguias.es\/tour-de-tapas-unico-en-sevilla\/#breadcrumb","itemListElement":[{"@type":"ListItem","position":1,"name":"Portada","item":"https:\/\/sevillaguias.es\/"},{"@type":"ListItem","position":2,"name":"Unique gastronomic tour of Seville"}]},{"@type":"WebSite","@id":"https:\/\/sevillaguias.es\/#website","url":"https:\/\/sevillaguias.es\/","name":"Sevilla Gu\u00edas &amp; Tours","description":"Cansado de los t\u00edpicos tours llenos de gente, conf\u00eda en la calidad de Sevilla Gu\u00edas &amp; Tours. Especializados en grupos peque\u00f1os y personalizados.","publisher":{"@id":"https:\/\/sevillaguias.es\/#organization"},"potentialAction":[{"@type":"SearchAction","target":{"@type":"EntryPoint","urlTemplate":"https:\/\/sevillaguias.es\/?s={search_term_string}"},"query-input":{"@type":"PropertyValueSpecification","valueRequired":true,"valueName":"search_term_string"}}],"inLanguage":"en-US"},{"@type":"Organization","@id":"https:\/\/sevillaguias.es\/#organization","name":"Sevilla Gu\u00edas & Tours","url":"https:\/\/sevillaguias.es\/","logo":{"@type":"ImageObject","inLanguage":"en-US","@id":"https:\/\/sevillaguias.es\/#\/schema\/logo\/image\/","url":"https:\/\/sevillaguias.es\/wp-content\/uploads\/2020\/03\/cropped-Logos-AGT-def-03-1.jpg","contentUrl":"https:\/\/sevillaguias.es\/wp-content\/uploads\/2020\/03\/cropped-Logos-AGT-def-03-1.jpg","width":512,"height":512,"caption":"Sevilla Gu\u00edas & Tours"},"image":{"@id":"https:\/\/sevillaguias.es\/#\/schema\/logo\/image\/"},"sameAs":["https:\/\/www.facebook.com\/sevillaguias\/","https:\/\/x.com\/guiasytours","https:\/\/www.instagram.com\/sevillaguias\/","https:\/\/www.linkedin.com\/company\/guias-tours\/","https:\/\/www.youtube.com\/channel\/UCZk3bP991BpbU5hXyqwT7yQ"]}]}},"_links":{"self":[{"href":"https:\/\/sevillaguias.es\/en\/wp-json\/wp\/v2\/pages\/2737","targetHints":{"allow":["GET"]}}],"collection":[{"href":"https:\/\/sevillaguias.es\/en\/wp-json\/wp\/v2\/pages"}],"about":[{"href":"https:\/\/sevillaguias.es\/en\/wp-json\/wp\/v2\/types\/page"}],"author":[{"embeddable":true,"href":"https:\/\/sevillaguias.es\/en\/wp-json\/wp\/v2\/users\/2"}],"replies":[{"embeddable":true,"href":"https:\/\/sevillaguias.es\/en\/wp-json\/wp\/v2\/comments?post=2737"}],"version-history":[{"count":0,"href":"https:\/\/sevillaguias.es\/en\/wp-json\/wp\/v2\/pages\/2737\/revisions"}],"wp:attachment":[{"href":"https:\/\/sevillaguias.es\/en\/wp-json\/wp\/v2\/media?parent=2737"}],"curies":[{"name":"wp","href":"https:\/\/api.w.org\/{rel}","templated":true}]}}