{"id":634,"date":"2020-07-15T18:14:42","date_gmt":"2020-07-15T16:14:42","guid":{"rendered":"https:\/\/sevillaguias.es\/brotherhoods-seville-private-tour\/"},"modified":"2024-12-16T13:14:22","modified_gmt":"2024-12-16T12:14:22","slug":"brotherhoods-seville-private-tour","status":"publish","type":"page","link":"https:\/\/sevillaguias.es\/en\/brotherhoods-seville-private-tour\/","title":{"rendered":"Brotherhood\u00b4s Seville Tour"},"content":{"rendered":"\t\t<div data-elementor-type=\"wp-page\" data-elementor-id=\"634\" class=\"elementor elementor-634 elementor-627\" data-elementor-post-type=\"page\">\n\t\t\t\t\t\t<section class=\"elementor-section elementor-top-section elementor-element elementor-element-0426e9b elementor-section-boxed elementor-section-height-default elementor-section-height-default\" data-id=\"0426e9b\" data-element_type=\"section\" data-e-type=\"section\">\n\t\t\t\t\t\t<div class=\"elementor-container elementor-column-gap-default\">\n\t\t\t\t\t<div class=\"elementor-column elementor-col-100 elementor-top-column elementor-element elementor-element-3443949\" data-id=\"3443949\" data-element_type=\"column\" data-e-type=\"column\">\n\t\t\t<div class=\"elementor-widget-wrap elementor-element-populated\">\n\t\t\t\t\t\t\t<\/div>\n\t\t<\/div>\n\t\t\t\t\t<\/div>\n\t\t<\/section>\n\t\t\t\t<section class=\"elementor-section elementor-top-section elementor-element elementor-element-948aa2d elementor-section-boxed elementor-section-height-default elementor-section-height-default\" data-id=\"948aa2d\" data-element_type=\"section\" data-e-type=\"section\">\n\t\t\t\t\t\t<div class=\"elementor-container elementor-column-gap-default\">\n\t\t\t\t\t<div class=\"elementor-column elementor-col-100 elementor-top-column elementor-element elementor-element-5ce3f28\" data-id=\"5ce3f28\" data-element_type=\"column\" data-e-type=\"column\">\n\t\t\t<div class=\"elementor-widget-wrap elementor-element-populated\">\n\t\t\t\t\t\t<div class=\"elementor-element elementor-element-deb5ac2 elementor-widget elementor-widget-html\" data-id=\"deb5ac2\" data-element_type=\"widget\" data-e-type=\"widget\" data-widget_type=\"html.default\">\n\t\t\t\t<div class=\"elementor-widget-container\">\n\t\t\t\t\t<script type=\"text\/javascript\" src=\"https:\/\/widgets.bokun.io\/assets\/javascripts\/apps\/build\/BokunWidgetsLoader.js?bookingChannelUUID=44e3955b-b01c-481c-8fc7-5746bbe9fad6\" async><\/script>\r\n     \r\n    <div class=\"bokunWidget\" data-src=\"https:\/\/widgets.bokun.io\/online-sales\/44e3955b-b01c-481c-8fc7-5746bbe9fad6\/experience\/603973\"><\/div>\r\n    <noscript>Please enable javascript in your browser to book<\/noscript>\r\n\r\n\t\t\t\t<\/div>\n\t\t\t\t<\/div>\n\t\t\t\t\t<\/div>\n\t\t<\/div>\n\t\t\t\t\t<\/div>\n\t\t<\/section>\n\t\t\t\t<\/div>\n\t\t","protected":false},"excerpt":{"rendered":"<p>Please enable javascript in your browser to book<\/p>\n","protected":false},"author":2,"featured_media":0,"parent":0,"menu_order":0,"comment_status":"closed","ping_status":"closed","template":"","meta":{"_joinchat":[],"footnotes":""},"class_list":["post-634","page","type-page","status-publish","hentry"],"yoast_head":"<!-- This site is optimized with the Yoast SEO plugin v27.3 - https:\/\/yoast.com\/product\/yoast-seo-wordpress\/ -->\n<title>Brotherhood\u00b4s Seville Tour | Seville Guides &amp; Tours<\/title>\n<meta name=\"description\" content=\"One of the most characteristic aspects that define the city of Seville, discover it with our Brotherhood\u00b4s Seville Private Tour\" \/>\n<meta name=\"robots\" content=\"index, follow, max-snippet:-1, max-image-preview:large, max-video-preview:-1\" \/>\n<link rel=\"canonical\" href=\"https:\/\/sevillaguias.es\/en\/brotherhoods-seville-private-tour\/\" \/>\n<meta property=\"og:locale\" content=\"en_US\" \/>\n<meta property=\"og:type\" content=\"article\" \/>\n<meta property=\"og:title\" content=\"Brotherhood\u00b4s Seville Tour | Seville Guides &amp; Tours\" \/>\n<meta property=\"og:description\" content=\"One of the most characteristic aspects that define the city of Seville, discover it with our Brotherhood\u00b4s Seville Private Tour\" \/>\n<meta property=\"og:url\" content=\"https:\/\/sevillaguias.es\/en\/brotherhoods-seville-private-tour\/\" \/>\n<meta property=\"og:site_name\" content=\"Sevilla Gu\u00edas &amp; Tours\" \/>\n<meta property=\"article:publisher\" content=\"https:\/\/www.facebook.com\/sevillaguias\/\" \/>\n<meta property=\"article:modified_time\" content=\"2024-12-16T12:14:22+00:00\" \/>\n<meta property=\"og:image\" content=\"https:\/\/sevillaguias.es\/wp-content\/uploads\/2022\/04\/Semana-Santa-.jpg\" \/>\n<meta name=\"twitter:card\" content=\"summary_large_image\" \/>\n<meta name=\"twitter:image\" content=\"https:\/\/sevillaguias.es\/wp-content\/uploads\/2022\/04\/Semana-Santa-.jpg\" \/>\n<meta name=\"twitter:site\" content=\"@guiasytours\" \/>\n<script type=\"application\/ld+json\" class=\"yoast-schema-graph\">{\"@context\":\"https:\\\/\\\/schema.org\",\"@graph\":[{\"@type\":\"WebPage\",\"@id\":\"https:\\\/\\\/sevillaguias.es\\\/en\\\/brotherhoods-seville-private-tour\\\/\",\"url\":\"https:\\\/\\\/sevillaguias.es\\\/en\\\/brotherhoods-seville-private-tour\\\/\",\"name\":\"Brotherhood\u00b4s Seville Tour | Seville Guides & Tours\",\"isPartOf\":{\"@id\":\"https:\\\/\\\/sevillaguias.es\\\/#website\"},\"datePublished\":\"2020-07-15T16:14:42+00:00\",\"dateModified\":\"2024-12-16T12:14:22+00:00\",\"description\":\"One of the most characteristic aspects that define the city of Seville, discover it with our Brotherhood\u00b4s Seville Private Tour\",\"breadcrumb\":{\"@id\":\"https:\\\/\\\/sevillaguias.es\\\/en\\\/brotherhoods-seville-private-tour\\\/#breadcrumb\"},\"inLanguage\":\"en-US\",\"potentialAction\":[{\"@type\":\"ReadAction\",\"target\":[\"https:\\\/\\\/sevillaguias.es\\\/en\\\/brotherhoods-seville-private-tour\\\/\"]}]},{\"@type\":\"BreadcrumbList\",\"@id\":\"https:\\\/\\\/sevillaguias.es\\\/en\\\/brotherhoods-seville-private-tour\\\/#breadcrumb\",\"itemListElement\":[{\"@type\":\"ListItem\",\"position\":1,\"name\":\"Portada\",\"item\":\"https:\\\/\\\/sevillaguias.es\\\/\"},{\"@type\":\"ListItem\",\"position\":2,\"name\":\"Brotherhood\u00b4s Seville Tour\"}]},{\"@type\":\"WebSite\",\"@id\":\"https:\\\/\\\/sevillaguias.es\\\/#website\",\"url\":\"https:\\\/\\\/sevillaguias.es\\\/\",\"name\":\"Sevilla Gu\u00edas &amp; Tours\",\"description\":\"Cansado de los t\u00edpicos tours llenos de gente, conf\u00eda en la calidad de Sevilla Gu\u00edas &amp; Tours. Especializados en grupos peque\u00f1os y personalizados.\",\"publisher\":{\"@id\":\"https:\\\/\\\/sevillaguias.es\\\/#organization\"},\"potentialAction\":[{\"@type\":\"SearchAction\",\"target\":{\"@type\":\"EntryPoint\",\"urlTemplate\":\"https:\\\/\\\/sevillaguias.es\\\/?s={search_term_string}\"},\"query-input\":{\"@type\":\"PropertyValueSpecification\",\"valueRequired\":true,\"valueName\":\"search_term_string\"}}],\"inLanguage\":\"en-US\"},{\"@type\":\"Organization\",\"@id\":\"https:\\\/\\\/sevillaguias.es\\\/#organization\",\"name\":\"Sevilla Gu\u00edas & Tours\",\"url\":\"https:\\\/\\\/sevillaguias.es\\\/\",\"logo\":{\"@type\":\"ImageObject\",\"inLanguage\":\"en-US\",\"@id\":\"https:\\\/\\\/sevillaguias.es\\\/#\\\/schema\\\/logo\\\/image\\\/\",\"url\":\"https:\\\/\\\/sevillaguias.es\\\/wp-content\\\/uploads\\\/2020\\\/03\\\/cropped-Logos-AGT-def-03-1.jpg\",\"contentUrl\":\"https:\\\/\\\/sevillaguias.es\\\/wp-content\\\/uploads\\\/2020\\\/03\\\/cropped-Logos-AGT-def-03-1.jpg\",\"width\":512,\"height\":512,\"caption\":\"Sevilla Gu\u00edas & Tours\"},\"image\":{\"@id\":\"https:\\\/\\\/sevillaguias.es\\\/#\\\/schema\\\/logo\\\/image\\\/\"},\"sameAs\":[\"https:\\\/\\\/www.facebook.com\\\/sevillaguias\\\/\",\"https:\\\/\\\/x.com\\\/guiasytours\",\"https:\\\/\\\/www.instagram.com\\\/sevillaguias\\\/\",\"https:\\\/\\\/www.linkedin.com\\\/company\\\/guias-tours\\\/\",\"https:\\\/\\\/www.youtube.com\\\/channel\\\/UCZk3bP991BpbU5hXyqwT7yQ\"]}]}<\/script>\n<!-- \/ Yoast SEO plugin. -->","yoast_head_json":{"title":"Brotherhood\u00b4s Seville Tour | Seville Guides & Tours","description":"One of the most characteristic aspects that define the city of Seville, discover it with our Brotherhood\u00b4s Seville Private Tour","robots":{"index":"index","follow":"follow","max-snippet":"max-snippet:-1","max-image-preview":"max-image-preview:large","max-video-preview":"max-video-preview:-1"},"canonical":"https:\/\/sevillaguias.es\/en\/brotherhoods-seville-private-tour\/","og_locale":"en_US","og_type":"article","og_title":"Brotherhood\u00b4s Seville Tour | Seville Guides & Tours","og_description":"One of the most characteristic aspects that define the city of Seville, discover it with our Brotherhood\u00b4s Seville Private Tour","og_url":"https:\/\/sevillaguias.es\/en\/brotherhoods-seville-private-tour\/","og_site_name":"Sevilla Gu\u00edas &amp; Tours","article_publisher":"https:\/\/www.facebook.com\/sevillaguias\/","article_modified_time":"2024-12-16T12:14:22+00:00","og_image":[{"url":"https:\/\/sevillaguias.es\/wp-content\/uploads\/2022\/04\/Semana-Santa-.jpg","type":"","width":"","height":""}],"twitter_card":"summary_large_image","twitter_image":"https:\/\/sevillaguias.es\/wp-content\/uploads\/2022\/04\/Semana-Santa-.jpg","twitter_site":"@guiasytours","schema":{"@context":"https:\/\/schema.org","@graph":[{"@type":"WebPage","@id":"https:\/\/sevillaguias.es\/en\/brotherhoods-seville-private-tour\/","url":"https:\/\/sevillaguias.es\/en\/brotherhoods-seville-private-tour\/","name":"Brotherhood\u00b4s Seville Tour | Seville Guides & Tours","isPartOf":{"@id":"https:\/\/sevillaguias.es\/#website"},"datePublished":"2020-07-15T16:14:42+00:00","dateModified":"2024-12-16T12:14:22+00:00","description":"One of the most characteristic aspects that define the city of Seville, discover it with our Brotherhood\u00b4s Seville Private Tour","breadcrumb":{"@id":"https:\/\/sevillaguias.es\/en\/brotherhoods-seville-private-tour\/#breadcrumb"},"inLanguage":"en-US","potentialAction":[{"@type":"ReadAction","target":["https:\/\/sevillaguias.es\/en\/brotherhoods-seville-private-tour\/"]}]},{"@type":"BreadcrumbList","@id":"https:\/\/sevillaguias.es\/en\/brotherhoods-seville-private-tour\/#breadcrumb","itemListElement":[{"@type":"ListItem","position":1,"name":"Portada","item":"https:\/\/sevillaguias.es\/"},{"@type":"ListItem","position":2,"name":"Brotherhood\u00b4s Seville Tour"}]},{"@type":"WebSite","@id":"https:\/\/sevillaguias.es\/#website","url":"https:\/\/sevillaguias.es\/","name":"Sevilla Gu\u00edas &amp; Tours","description":"Cansado de los t\u00edpicos tours llenos de gente, conf\u00eda en la calidad de Sevilla Gu\u00edas &amp; Tours. Especializados en grupos peque\u00f1os y personalizados.","publisher":{"@id":"https:\/\/sevillaguias.es\/#organization"},"potentialAction":[{"@type":"SearchAction","target":{"@type":"EntryPoint","urlTemplate":"https:\/\/sevillaguias.es\/?s={search_term_string}"},"query-input":{"@type":"PropertyValueSpecification","valueRequired":true,"valueName":"search_term_string"}}],"inLanguage":"en-US"},{"@type":"Organization","@id":"https:\/\/sevillaguias.es\/#organization","name":"Sevilla Gu\u00edas & Tours","url":"https:\/\/sevillaguias.es\/","logo":{"@type":"ImageObject","inLanguage":"en-US","@id":"https:\/\/sevillaguias.es\/#\/schema\/logo\/image\/","url":"https:\/\/sevillaguias.es\/wp-content\/uploads\/2020\/03\/cropped-Logos-AGT-def-03-1.jpg","contentUrl":"https:\/\/sevillaguias.es\/wp-content\/uploads\/2020\/03\/cropped-Logos-AGT-def-03-1.jpg","width":512,"height":512,"caption":"Sevilla Gu\u00edas & Tours"},"image":{"@id":"https:\/\/sevillaguias.es\/#\/schema\/logo\/image\/"},"sameAs":["https:\/\/www.facebook.com\/sevillaguias\/","https:\/\/x.com\/guiasytours","https:\/\/www.instagram.com\/sevillaguias\/","https:\/\/www.linkedin.com\/company\/guias-tours\/","https:\/\/www.youtube.com\/channel\/UCZk3bP991BpbU5hXyqwT7yQ"]}]}},"_links":{"self":[{"href":"https:\/\/sevillaguias.es\/en\/wp-json\/wp\/v2\/pages\/634","targetHints":{"allow":["GET"]}}],"collection":[{"href":"https:\/\/sevillaguias.es\/en\/wp-json\/wp\/v2\/pages"}],"about":[{"href":"https:\/\/sevillaguias.es\/en\/wp-json\/wp\/v2\/types\/page"}],"author":[{"embeddable":true,"href":"https:\/\/sevillaguias.es\/en\/wp-json\/wp\/v2\/users\/2"}],"replies":[{"embeddable":true,"href":"https:\/\/sevillaguias.es\/en\/wp-json\/wp\/v2\/comments?post=634"}],"version-history":[{"count":0,"href":"https:\/\/sevillaguias.es\/en\/wp-json\/wp\/v2\/pages\/634\/revisions"}],"wp:attachment":[{"href":"https:\/\/sevillaguias.es\/en\/wp-json\/wp\/v2\/media?parent=634"}],"curies":[{"name":"wp","href":"https:\/\/api.w.org\/{rel}","templated":true}]}}